{"id":327,"date":"2023-06-29T16:44:29","date_gmt":"2023-06-29T16:44:29","guid":{"rendered":"https:\/\/informatica.voaxaca.tecnm.mx\/?page_id=327"},"modified":"2024-09-23T20:19:27","modified_gmt":"2024-09-23T20:19:27","slug":"hackatecnm","status":"publish","type":"page","link":"https:\/\/informatica.voaxaca.tecnm.mx\/index.php\/hackatecnm\/","title":{"rendered":"Concursos Acad\u00e9micos"},"content":{"rendered":"\n<h1 style=\"text-align: center;\">Periodo Agosto-Diciembre 2024<\/h1>\n<div id='gallery-1' class='gallery galleryid-327 gallery-columns-1 gallery-size-large'><figure class='gallery-item'>\n\t\t\t<div class='gallery-icon landscape'>\n\t\t\t\t<a href='https:\/\/informatica.voaxaca.tecnm.mx\/index.php\/hackatecnm\/whatsapp-image-2024-09-23-at-10-31-00-am\/'><img loading=\"lazy\" decoding=\"async\" width=\"810\" height=\"581\" src=\"https:\/\/informatica.voaxaca.tecnm.mx\/wp-content\/uploads\/2024\/09\/WhatsApp-Image-2024-09-23-at-10.31.00-AM-1000x717.jpeg\" class=\"attachment-large size-large\" alt=\"\" srcset=\"https:\/\/informatica.voaxaca.tecnm.mx\/wp-content\/uploads\/2024\/09\/WhatsApp-Image-2024-09-23-at-10.31.00-AM-1000x717.jpeg 1000w, https:\/\/informatica.voaxaca.tecnm.mx\/wp-content\/uploads\/2024\/09\/WhatsApp-Image-2024-09-23-at-10.31.00-AM-200x143.jpeg 200w, https:\/\/informatica.voaxaca.tecnm.mx\/wp-content\/uploads\/2024\/09\/WhatsApp-Image-2024-09-23-at-10.31.00-AM-768x551.jpeg 768w, https:\/\/informatica.voaxaca.tecnm.mx\/wp-content\/uploads\/2024\/09\/WhatsApp-Image-2024-09-23-at-10.31.00-AM-1536x1102.jpeg 1536w, https:\/\/informatica.voaxaca.tecnm.mx\/wp-content\/uploads\/2024\/09\/WhatsApp-Image-2024-09-23-at-10.31.00-AM-2048x1469.jpeg 2048w\" sizes=\"auto, (max-width: 810px) 100vw, 810px\" \/><\/a>\n\t\t\t<\/div><\/figure>\n\t\t<\/div>\n\n<h2>INNOVATECNM<\/h2>\n<h4>Etapa Regional<\/h4>\n<p><strong>Binni Lul\u00e1:\u00a0<\/strong>De la categor\u00eda de industrias creativas obtienen su pase a la fase Nacional del InnovaTecNM 2024 a celebrarse en Ciudad Madero Tamaulipas.<\/p>\n<table style=\"border-collapse: collapse; width: 100%;\">\n<tbody>\n<tr>\n<td style=\"width: 50%;\">\n<p>Autores:<\/p>\n<p>Edson Osmar L\u00f3pez Ramos<\/p>\n<p>Jes\u00fas Ivan Hern\u00e1ndez Garc\u00eda\u00a0<\/p>\n<p>Emmanuel Alejandro Ambrocio Noriega<\/p>\n<p>Dulce Mar\u00eda L\u00f3pez Pacheco<\/p>\n<\/td>\n<td style=\"width: 50%;\">\n<p>Asesores<\/p>\n<p>Ambrosio Cardoso Jim\u00e9nez<\/p>\n<p>Claudia Victoria Santiago Salinas<\/p>\n<\/td>\n<\/tr>\n<\/tbody>\n<\/table>\n\n\n\n<p><\/p>\n\n\n\n<figure class=\"wp-block-image size-large is-resized\"><img loading=\"lazy\" decoding=\"async\" width=\"1024\" height=\"768\" src=\"https:\/\/informatica.voaxaca.tecnm.mx\/wp-content\/uploads\/2023\/06\/1-1024x768.jpg\" alt=\"\" class=\"wp-image-338\" srcset=\"https:\/\/informatica.voaxaca.tecnm.mx\/wp-content\/uploads\/2023\/06\/1-1024x768.jpg 1024w, https:\/\/informatica.voaxaca.tecnm.mx\/wp-content\/uploads\/2023\/06\/1-300x225.jpg 300w, https:\/\/informatica.voaxaca.tecnm.mx\/wp-content\/uploads\/2023\/06\/1-768x576.jpg 768w, https:\/\/informatica.voaxaca.tecnm.mx\/wp-content\/uploads\/2023\/06\/1-1536x1152.jpg 1536w, https:\/\/informatica.voaxaca.tecnm.mx\/wp-content\/uploads\/2023\/06\/1-360x270.jpg 360w, https:\/\/informatica.voaxaca.tecnm.mx\/wp-content\/uploads\/2023\/06\/1-80x60.jpg 80w, https:\/\/informatica.voaxaca.tecnm.mx\/wp-content\/uploads\/2023\/06\/1.jpg 1600w\" sizes=\"auto, (max-width: 1024px) 100vw, 1024px\" \/><\/figure>\n\n\n<h2 style=\"text-align: center;\">PERIODO AGOSTO-DICIEMBRE 2023<\/h2>\n\n\n<h2 class=\"wp-block-heading\">INNOVATECNM<\/h2>\n\n\n\n<p><strong>Etapa Regional<\/strong><\/p>\n\n\n<p style=\"text-align: justify;\">Con la participaci\u00f3n de estudiantes de las carreras de ingenier\u00eda Inform\u00e1tica y Tecnolog\u00edas de la informaci\u00f3n y comunicaciones.<\/p>\n\n\n<p><strong>NUBY.<\/strong> Gestor de administraci\u00f3n y seguridad para centros de atenci\u00f3n infantil.<\/p>\n\n\n\n<figure class=\"wp-block-table\"><table><tbody><tr><td>Autores<br>EDSON OMAR L\u00d3PEZ RAMOS<br>BETSAIDA SINAI S\u00c1NCHEZ CASAS<br>JES\u00daS IV\u00c1N HERN\u00c1NDEZ GARC\u00cdA<\/td><td>Asesores<br>CARLOS ENRIQUE MORALES BAUTISTA<br>CLAUDIA VICTORIA SANTIAGO SALINAS &nbsp;<\/td><\/tr><\/tbody><\/table><\/figure>\n\n\n\n<figure class=\"wp-block-gallery has-nested-images columns-default is-cropped wp-block-gallery-1 is-layout-flex wp-block-gallery-is-layout-flex\">\n<figure class=\"wp-block-image size-large\"><img loading=\"lazy\" decoding=\"async\" width=\"575\" height=\"440\" data-id=\"639\" src=\"https:\/\/informatica.voaxaca.tecnm.mx\/wp-content\/uploads\/2024\/01\/NUBY-1.jpg\" alt=\"\" class=\"wp-image-639\" srcset=\"https:\/\/informatica.voaxaca.tecnm.mx\/wp-content\/uploads\/2024\/01\/NUBY-1.jpg 575w, https:\/\/informatica.voaxaca.tecnm.mx\/wp-content\/uploads\/2024\/01\/NUBY-1-300x230.jpg 300w, https:\/\/informatica.voaxaca.tecnm.mx\/wp-content\/uploads\/2024\/01\/NUBY-1-80x60.jpg 80w\" sizes=\"auto, (max-width: 575px) 100vw, 575px\" \/><\/figure>\n\n\n\n<figure class=\"wp-block-image size-large\"><img loading=\"lazy\" decoding=\"async\" width=\"568\" height=\"389\" data-id=\"847\" src=\"https:\/\/informatica.voaxaca.tecnm.mx\/wp-content\/uploads\/2024\/01\/NUBY-2.jpg\" alt=\"\" class=\"wp-image-847\" srcset=\"https:\/\/informatica.voaxaca.tecnm.mx\/wp-content\/uploads\/2024\/01\/NUBY-2.jpg 568w, https:\/\/informatica.voaxaca.tecnm.mx\/wp-content\/uploads\/2024\/01\/NUBY-2-300x205.jpg 300w\" sizes=\"auto, (max-width: 568px) 100vw, 568px\" \/><\/figure>\n<\/figure>\n\n\n<p style=\"text-align: justify;\"><strong>MODULAR CONTROL SYSTEM.<\/strong> El sistema ofrece el servicio de monitoreo y control de forma remota, mayor incremento en la producci\u00f3n de aves, conservaci\u00f3n de distintas especies ov\u00edpara.<\/p>\n\n\n<figure class=\"wp-block-table\"><table><tbody><tr><td>Autores<br>MICHEL ALEXIS JACINTO CASTILLO<br>HADALUZ AMEYALLI MONJARAZ ZURITA<br>HUMBERTO SAID CRUZ CERVANTES<br>DIEGO ELNATAN MARIANO PARRA<br>IAN DE JES\u00daS ENTZIN BUSTAMANTE<\/td><td>Asesores<br>\u00c1NGEL MAYA HERN\u00c1NDEZ<br>HIBER YAIR AMBROCIO L\u00d3PEZ &nbsp;<\/td><\/tr><\/tbody><\/table><\/figure>\n\n\n\n<figure class=\"wp-block-image size-large\"><img loading=\"lazy\" decoding=\"async\" width=\"747\" height=\"560\" src=\"https:\/\/informatica.voaxaca.tecnm.mx\/wp-content\/uploads\/2024\/01\/System-1.jpg\" alt=\"\" class=\"wp-image-634\" srcset=\"https:\/\/informatica.voaxaca.tecnm.mx\/wp-content\/uploads\/2024\/01\/System-1.jpg 747w, https:\/\/informatica.voaxaca.tecnm.mx\/wp-content\/uploads\/2024\/01\/System-1-300x225.jpg 300w, https:\/\/informatica.voaxaca.tecnm.mx\/wp-content\/uploads\/2024\/01\/System-1-360x270.jpg 360w, https:\/\/informatica.voaxaca.tecnm.mx\/wp-content\/uploads\/2024\/01\/System-1-80x60.jpg 80w\" sizes=\"auto, (max-width: 747px) 100vw, 747px\" \/><\/figure>\n\n\n<p style=\"text-align: justify;\"><strong>ROTMASSA.<\/strong> Responde a la necesidad urgente de cambiar nuestra relaci\u00f3n con los residuos y promover pr\u00e1cticas m\u00e1s sostenibles. El kit de compostaje dom\u00e9stico se dise\u00f1a pensando en la practicidad y la simplicidad, lo que lo convierte en una soluci\u00f3n atractiva para todos los niveles de experiencia. Con la inclusi\u00f3n de la melaza como pieza clave para ocultar olores y facilitar el uso dom\u00e9stico. La gu\u00eda detallada proporciona instrucciones paso a paso, consejos y trucos para garantizar que el proceso de compostaje sea exitoso y sin complicaciones. Adem\u00e1s, la \u201cComunidad Rotmassa\u201d crea un espacio en el que las personas pueden compartir sus experiencias, consejos y soluciones, fortaleciendo la red de personas comprometidas con la auto sustentabilidad.<\/p>\n\n\n<figure class=\"wp-block-table\"><table><tbody><tr><td>Autores<br>ANDREA SANTIAGO GUZM\u00c1N<br>JONATHAN ALEXIS GUTI\u00c9RREZ MART\u00cdNEZ<br>DANIEL GUZM\u00c1N RAM\u00cdREZ<br>GAEL CUEVAS MENDOZA<\/td><td>Asesores<br>JUAN BUSTAMANTE LUJAN &nbsp;<\/td><\/tr><\/tbody><\/table><\/figure>\n\n\n\n<figure class=\"wp-block-image size-large\"><img loading=\"lazy\" decoding=\"async\" width=\"612\" height=\"335\" src=\"https:\/\/informatica.voaxaca.tecnm.mx\/wp-content\/uploads\/2024\/01\/ROT-MASA.jpg\" alt=\"\" class=\"wp-image-635\" srcset=\"https:\/\/informatica.voaxaca.tecnm.mx\/wp-content\/uploads\/2024\/01\/ROT-MASA.jpg 612w, https:\/\/informatica.voaxaca.tecnm.mx\/wp-content\/uploads\/2024\/01\/ROT-MASA-300x164.jpg 300w, https:\/\/informatica.voaxaca.tecnm.mx\/wp-content\/uploads\/2024\/01\/ROT-MASA-135x75.jpg 135w\" sizes=\"auto, (max-width: 612px) 100vw, 612px\" \/><\/figure>\n\n\n\n<p><strong>TECHXAACA.<\/strong> Aplicaci\u00f3n web para la administraci\u00f3n de colmenas y apiarios.<\/p>\n\n\n\n<figure class=\"wp-block-table\"><table><tbody><tr><td>Autores<br>ZAGITL ORTIZ CRUZ<br>GAEL CUEVAS MENDOZA<br>AGUST\u00cdN OLL\u00cdN GARC\u00cdA GONZ\u00c1LEZ<br>JESSICA BEL\u00c9N HERN\u00c1NDEZ HERN\u00c1NDEZ<\/td><td>Asesores<br>MAR\u00cdA ISABEL P\u00c9REZ LE\u00d3N &nbsp;<\/td><\/tr><\/tbody><\/table><\/figure>\n\n\n\n<figure class=\"wp-block-image size-large\"><img loading=\"lazy\" decoding=\"async\" width=\"500\" height=\"375\" src=\"https:\/\/informatica.voaxaca.tecnm.mx\/wp-content\/uploads\/2024\/01\/TECHXAACA.jpg\" alt=\"\" class=\"wp-image-636\" srcset=\"https:\/\/informatica.voaxaca.tecnm.mx\/wp-content\/uploads\/2024\/01\/TECHXAACA.jpg 500w, https:\/\/informatica.voaxaca.tecnm.mx\/wp-content\/uploads\/2024\/01\/TECHXAACA-300x225.jpg 300w, https:\/\/informatica.voaxaca.tecnm.mx\/wp-content\/uploads\/2024\/01\/TECHXAACA-360x270.jpg 360w, https:\/\/informatica.voaxaca.tecnm.mx\/wp-content\/uploads\/2024\/01\/TECHXAACA-80x60.jpg 80w\" sizes=\"auto, (max-width: 500px) 100vw, 500px\" \/><\/figure>\n\n\n\n<h2 class=\"wp-block-heading\">HackaTecNM<\/h2>\n\n\n<p style=\"text-align: justify;\">El TecNM Campus Valle de Oaxaca llev\u00f3 a cabo el evento HackatecNM 2023 el cual tuvo como objetivo desarrollar y proponer soluciones innovadoras a problem\u00e1ticas definidas por empresas p\u00fablicas y privadas, en un encuentro de equipos multidisciplinarios de estudiantes, que trabajaron de manera colaborativa durante 24 horas continuas; aplicando tecnolog\u00edas de vanguardia que permitan generar la mejor soluci\u00f3n a la problem\u00e1tica planteada.<\/p>\n\n\n<figure class=\"wp-block-gallery has-nested-images columns-default is-cropped wp-block-gallery-2 is-layout-flex wp-block-gallery-is-layout-flex\">\n<figure class=\"wp-block-image size-large\"><img loading=\"lazy\" decoding=\"async\" width=\"1600\" height=\"1200\" data-id=\"345\" src=\"https:\/\/informatica.voaxaca.tecnm.mx\/wp-content\/uploads\/2023\/06\/8-1024x768.jpg\" alt=\"\" class=\"wp-image-345\" srcset=\"https:\/\/informatica.voaxaca.tecnm.mx\/wp-content\/uploads\/2023\/06\/8-1024x768.jpg 1024w, https:\/\/informatica.voaxaca.tecnm.mx\/wp-content\/uploads\/2023\/06\/8-300x225.jpg 300w, https:\/\/informatica.voaxaca.tecnm.mx\/wp-content\/uploads\/2023\/06\/8-768x576.jpg 768w, https:\/\/informatica.voaxaca.tecnm.mx\/wp-content\/uploads\/2023\/06\/8-1536x1152.jpg 1536w, https:\/\/informatica.voaxaca.tecnm.mx\/wp-content\/uploads\/2023\/06\/8-360x270.jpg 360w, https:\/\/informatica.voaxaca.tecnm.mx\/wp-content\/uploads\/2023\/06\/8-80x60.jpg 80w, https:\/\/informatica.voaxaca.tecnm.mx\/wp-content\/uploads\/2023\/06\/8.jpg 1600w\" sizes=\"auto, (max-width: 1600px) 100vw, 1600px\" \/><\/figure>\n\n\n\n<figure class=\"wp-block-image size-large\"><img loading=\"lazy\" decoding=\"async\" width=\"1024\" height=\"768\" data-id=\"348\" src=\"https:\/\/informatica.voaxaca.tecnm.mx\/wp-content\/uploads\/2023\/06\/11-1024x768.jpg\" alt=\"\" class=\"wp-image-348\" srcset=\"https:\/\/informatica.voaxaca.tecnm.mx\/wp-content\/uploads\/2023\/06\/11-1024x768.jpg 1024w, https:\/\/informatica.voaxaca.tecnm.mx\/wp-content\/uploads\/2023\/06\/11-300x225.jpg 300w, https:\/\/informatica.voaxaca.tecnm.mx\/wp-content\/uploads\/2023\/06\/11-768x576.jpg 768w, https:\/\/informatica.voaxaca.tecnm.mx\/wp-content\/uploads\/2023\/06\/11-1536x1152.jpg 1536w, https:\/\/informatica.voaxaca.tecnm.mx\/wp-content\/uploads\/2023\/06\/11-360x270.jpg 360w, https:\/\/informatica.voaxaca.tecnm.mx\/wp-content\/uploads\/2023\/06\/11-80x60.jpg 80w, https:\/\/informatica.voaxaca.tecnm.mx\/wp-content\/uploads\/2023\/06\/11.jpg 1600w\" sizes=\"auto, (max-width: 1024px) 100vw, 1024px\" \/><\/figure>\n\n\n\n<figure class=\"wp-block-image size-large\"><img loading=\"lazy\" decoding=\"async\" width=\"1024\" height=\"768\" data-id=\"344\" src=\"https:\/\/informatica.voaxaca.tecnm.mx\/wp-content\/uploads\/2023\/06\/7-1024x768.jpg\" alt=\"\" class=\"wp-image-344\" srcset=\"https:\/\/informatica.voaxaca.tecnm.mx\/wp-content\/uploads\/2023\/06\/7-1024x768.jpg 1024w, https:\/\/informatica.voaxaca.tecnm.mx\/wp-content\/uploads\/2023\/06\/7-300x225.jpg 300w, https:\/\/informatica.voaxaca.tecnm.mx\/wp-content\/uploads\/2023\/06\/7-768x576.jpg 768w, https:\/\/informatica.voaxaca.tecnm.mx\/wp-content\/uploads\/2023\/06\/7-1536x1152.jpg 1536w, https:\/\/informatica.voaxaca.tecnm.mx\/wp-content\/uploads\/2023\/06\/7-360x270.jpg 360w, https:\/\/informatica.voaxaca.tecnm.mx\/wp-content\/uploads\/2023\/06\/7-80x60.jpg 80w, https:\/\/informatica.voaxaca.tecnm.mx\/wp-content\/uploads\/2023\/06\/7.jpg 1600w\" sizes=\"auto, (max-width: 1024px) 100vw, 1024px\" \/><\/figure>\n<\/figure>\n\n\n<p>Los proyectos presentaron una soluci\u00f3n tecnol\u00f3gica para resolver una problem\u00e1tica en las siguientes categor\u00edas:<\/p>\n<p style=\"text-align: justify;\">A. La primera categor\u00eda fue movilidad, con las vertientes de accesibilidad (soluciones para personas con discapacidad y adultos mayores) y transporte social.<\/p>\n<p style=\"text-align: justify;\">B. La segunda \u00e1rea fue innovaci\u00f3n social en manejo de residuos y reciclaje.<\/p>\n\n\n<figure class=\"wp-block-gallery has-nested-images columns-default is-cropped wp-block-gallery-3 is-layout-flex wp-block-gallery-is-layout-flex\">\n<figure class=\"wp-block-image size-large\"><img loading=\"lazy\" decoding=\"async\" width=\"1024\" height=\"768\" data-id=\"343\" src=\"https:\/\/informatica.voaxaca.tecnm.mx\/wp-content\/uploads\/2023\/06\/6-1024x768.jpg\" alt=\"\" class=\"wp-image-343\" srcset=\"https:\/\/informatica.voaxaca.tecnm.mx\/wp-content\/uploads\/2023\/06\/6-1024x768.jpg 1024w, https:\/\/informatica.voaxaca.tecnm.mx\/wp-content\/uploads\/2023\/06\/6-300x225.jpg 300w, https:\/\/informatica.voaxaca.tecnm.mx\/wp-content\/uploads\/2023\/06\/6-768x576.jpg 768w, https:\/\/informatica.voaxaca.tecnm.mx\/wp-content\/uploads\/2023\/06\/6-1536x1152.jpg 1536w, https:\/\/informatica.voaxaca.tecnm.mx\/wp-content\/uploads\/2023\/06\/6-360x270.jpg 360w, https:\/\/informatica.voaxaca.tecnm.mx\/wp-content\/uploads\/2023\/06\/6-80x60.jpg 80w, https:\/\/informatica.voaxaca.tecnm.mx\/wp-content\/uploads\/2023\/06\/6.jpg 1600w\" sizes=\"auto, (max-width: 1024px) 100vw, 1024px\" \/><\/figure>\n\n\n\n<figure class=\"wp-block-image size-large\"><img loading=\"lazy\" decoding=\"async\" width=\"1024\" height=\"768\" data-id=\"341\" src=\"https:\/\/informatica.voaxaca.tecnm.mx\/wp-content\/uploads\/2023\/06\/4-1024x768.jpg\" alt=\"\" class=\"wp-image-341\" srcset=\"https:\/\/informatica.voaxaca.tecnm.mx\/wp-content\/uploads\/2023\/06\/4-1024x768.jpg 1024w, https:\/\/informatica.voaxaca.tecnm.mx\/wp-content\/uploads\/2023\/06\/4-300x225.jpg 300w, https:\/\/informatica.voaxaca.tecnm.mx\/wp-content\/uploads\/2023\/06\/4-768x576.jpg 768w, https:\/\/informatica.voaxaca.tecnm.mx\/wp-content\/uploads\/2023\/06\/4-1536x1152.jpg 1536w, https:\/\/informatica.voaxaca.tecnm.mx\/wp-content\/uploads\/2023\/06\/4-360x270.jpg 360w, https:\/\/informatica.voaxaca.tecnm.mx\/wp-content\/uploads\/2023\/06\/4-80x60.jpg 80w, https:\/\/informatica.voaxaca.tecnm.mx\/wp-content\/uploads\/2023\/06\/4.jpg 1600w\" sizes=\"auto, (max-width: 1024px) 100vw, 1024px\" \/><\/figure>\n\n\n\n<figure class=\"wp-block-image size-large\"><img loading=\"lazy\" decoding=\"async\" width=\"1024\" height=\"768\" data-id=\"340\" src=\"https:\/\/informatica.voaxaca.tecnm.mx\/wp-content\/uploads\/2023\/06\/3-1024x768.jpg\" alt=\"\" class=\"wp-image-340\" srcset=\"https:\/\/informatica.voaxaca.tecnm.mx\/wp-content\/uploads\/2023\/06\/3-1024x768.jpg 1024w, https:\/\/informatica.voaxaca.tecnm.mx\/wp-content\/uploads\/2023\/06\/3-300x225.jpg 300w, https:\/\/informatica.voaxaca.tecnm.mx\/wp-content\/uploads\/2023\/06\/3-768x576.jpg 768w, https:\/\/informatica.voaxaca.tecnm.mx\/wp-content\/uploads\/2023\/06\/3-1536x1152.jpg 1536w, https:\/\/informatica.voaxaca.tecnm.mx\/wp-content\/uploads\/2023\/06\/3-360x270.jpg 360w, https:\/\/informatica.voaxaca.tecnm.mx\/wp-content\/uploads\/2023\/06\/3-80x60.jpg 80w, https:\/\/informatica.voaxaca.tecnm.mx\/wp-content\/uploads\/2023\/06\/3.jpg 1600w\" sizes=\"auto, (max-width: 1024px) 100vw, 1024px\" \/><\/figure>\n<\/figure>\n\n\n\n<p>El equipo ganador est\u00e1 integrado por:<\/p>\n\n\n\n<ol class=\"wp-block-list\">\n<li><strong>Mois\u00e9s Carrasco L\u00f3pez&nbsp;&nbsp;&nbsp;&nbsp;&nbsp;&nbsp;&nbsp;&nbsp;&nbsp;&nbsp;&nbsp;&nbsp;&nbsp;&nbsp;&nbsp;&nbsp;&nbsp;&nbsp;&nbsp;&nbsp;&nbsp;                Ing. Inform\u00e1tica<\/strong><\/li>\n\n\n\n<li><strong>Sandra Lily Santiago Vel\u00e1zquez&nbsp;&nbsp;&nbsp;&nbsp;&nbsp;&nbsp;&nbsp;                Ing. Inform\u00e1tica<\/strong><\/li>\n\n\n\n<li><strong>Juan Carlos Villarreal Cruz&nbsp;&nbsp;&nbsp;&nbsp;&nbsp;&nbsp;&nbsp;&nbsp;&nbsp;&nbsp;&nbsp;&nbsp;&nbsp;&nbsp;&nbsp;&nbsp;                Ing. Inform\u00e1tica<\/strong><\/li>\n\n\n\n<li>Araceli Garc\u00eda Garc\u00eda&nbsp;&nbsp;&nbsp;&nbsp;&nbsp;&nbsp;&nbsp;&nbsp;&nbsp;&nbsp;&nbsp;&nbsp;                                        Lic. Biolog\u00eda<\/li>\n\n\n\n<li>Evelyn Abril Carlos Fern\u00e1ndez&nbsp;&nbsp;&nbsp;&nbsp;&nbsp;&nbsp;&nbsp;&nbsp;&nbsp;&nbsp;                 Lic. Biolog\u00eda<\/li>\n<\/ol>\n\n\n\n<p>Su asesor: Rodolfo Esteban Ibarra Orozco<\/p>\n\n\n\n<figure class=\"wp-block-gallery has-nested-images columns-default is-cropped wp-block-gallery-4 is-layout-flex wp-block-gallery-is-layout-flex\">\n<figure class=\"wp-block-image size-full\"><img loading=\"lazy\" decoding=\"async\" width=\"1600\" height=\"1200\" data-id=\"339\" src=\"https:\/\/informatica.voaxaca.tecnm.mx\/wp-content\/uploads\/2023\/06\/2.jpg\" alt=\"\" class=\"wp-image-339\" srcset=\"https:\/\/informatica.voaxaca.tecnm.mx\/wp-content\/uploads\/2023\/06\/2.jpg 1600w, https:\/\/informatica.voaxaca.tecnm.mx\/wp-content\/uploads\/2023\/06\/2-300x225.jpg 300w, https:\/\/informatica.voaxaca.tecnm.mx\/wp-content\/uploads\/2023\/06\/2-1024x768.jpg 1024w, https:\/\/informatica.voaxaca.tecnm.mx\/wp-content\/uploads\/2023\/06\/2-768x576.jpg 768w, https:\/\/informatica.voaxaca.tecnm.mx\/wp-content\/uploads\/2023\/06\/2-1536x1152.jpg 1536w, https:\/\/informatica.voaxaca.tecnm.mx\/wp-content\/uploads\/2023\/06\/2-360x270.jpg 360w, https:\/\/informatica.voaxaca.tecnm.mx\/wp-content\/uploads\/2023\/06\/2-80x60.jpg 80w\" sizes=\"auto, (max-width: 1600px) 100vw, 1600px\" \/><\/figure>\n\n\n\n<figure class=\"wp-block-image size-full\"><img loading=\"lazy\" decoding=\"async\" width=\"1600\" height=\"1200\" data-id=\"342\" src=\"https:\/\/informatica.voaxaca.tecnm.mx\/wp-content\/uploads\/2023\/06\/5.jpg\" alt=\"\" class=\"wp-image-342\" srcset=\"https:\/\/informatica.voaxaca.tecnm.mx\/wp-content\/uploads\/2023\/06\/5.jpg 1600w, https:\/\/informatica.voaxaca.tecnm.mx\/wp-content\/uploads\/2023\/06\/5-300x225.jpg 300w, https:\/\/informatica.voaxaca.tecnm.mx\/wp-content\/uploads\/2023\/06\/5-1024x768.jpg 1024w, https:\/\/informatica.voaxaca.tecnm.mx\/wp-content\/uploads\/2023\/06\/5-768x576.jpg 768w, https:\/\/informatica.voaxaca.tecnm.mx\/wp-content\/uploads\/2023\/06\/5-1536x1152.jpg 1536w, https:\/\/informatica.voaxaca.tecnm.mx\/wp-content\/uploads\/2023\/06\/5-360x270.jpg 360w, https:\/\/informatica.voaxaca.tecnm.mx\/wp-content\/uploads\/2023\/06\/5-80x60.jpg 80w\" sizes=\"auto, (max-width: 1600px) 100vw, 1600px\" \/><\/figure>\n<\/figure>\n\n\n\n<h2 class=\"wp-block-heading\">Convocatoria<\/h2>\n\n\n\n<p><strong>Objetivo General<\/strong>:<\/p>\n\n\n<p style=\"text-align: justify;\">Desarrollar y proponer soluciones innovadoras a problem\u00e1ticas definidas por empresas p\u00fablicas y privadas, en un encuentro de equipos multidisciplinarios de estudiantes, que trabajar\u00e1n de manera colaborativa durante 36 horas continuas; aplicando tecnolog\u00edas de vanguardia que permitan generar la mejor soluci\u00f3n a la problem\u00e1tica planteada. De acuerdo con las siguientes:<\/p>\n\n\n<p><strong>BASES DE PARTICIPACI\u00d3N:<\/strong><\/p>\n\n\n\n<p><strong>II. A) Participantes<\/strong><\/p>\n\n\n\n<p><strong>Etapa local<\/strong><\/p>\n\n\n\n<p>Podr\u00e1n participar las y los estudiantes del Instituto Tecnol\u00f3gico del Valle de Oaxaca (ITVO), de nivel licenciatura que cumplan con los siguientes requisitos:<\/p>\n\n\n\n<ul class=\"wp-block-list\">\n<li>Deber\u00e1n estar inscritos oficialmente al momento de su registro. <\/li>\n\n\n\n<li>Los equipos deber\u00e1n ser multidisciplinarios y estar conformados por un m\u00ednimo de tres y un m\u00e1ximo de cinco estudiantes de las diferentes carreras, ofertadas en el Instituto Tecnol\u00f3gico de origen, y deber\u00e1n ser apoyados por un docente asesor. <\/li>\n\n\n\n<li>Los equipos se integrar\u00e1n de forma equitativa, mediante la inclusi\u00f3n de hombres y mujeres.<\/li>\n<\/ul>\n\n\n\n<p>Las y los integrantes de los equipos participantes deber\u00e1n privilegiar el siguiente perfil:<\/p>\n\n\n\n<ul class=\"wp-block-list\">\n<li>Programaci\u00f3n (desarrollo de c\u00f3digo en diferentes lenguajes)<\/li>\n\n\n\n<li>An\u00e1lisis de informaci\u00f3n<\/li>\n\n\n\n<li>Procesos industriales, dise\u00f1o industrial y de circuitos<\/li>\n\n\n\n<li>Desarrollo de sistemas mecatr\u00f3nicos<\/li>\n\n\n\n<li>Electr\u00f3nica y automatizaci\u00f3n<\/li>\n\n\n\n<li>Conocimientos y habilidades ingenieriles.<\/li>\n\n\n\n<li>Emprendimiento y desarrollo de modelos de negocios<\/li>\n\n\n\n<li>Expresi\u00f3n oral<\/li>\n\n\n\n<li>Actitud creativa<\/li>\n<\/ul>\n\n\n\n<p><strong>Etapa Regional<\/strong><\/p>\n\n\n<p style=\"text-align: justify;\">Podr\u00e1n participar las y los estudiantes del Tecnol\u00f3gico Nacional de M\u00e9xico (TecNM), de nivel licenciatura ganadores de la Etapa Local. o Deber\u00e1n estar inscritos oficialmente al momento de su registro. o Los equipos deber\u00e1n ser multidisciplinarios y estar conformados por un m\u00ednimo de tres y un m\u00e1ximo de cinco estudiantes de las diferentes carreras, ofertadas en el Instituto Tecnol\u00f3gico de origen, y deber\u00e1n ser apoyados por un docente asesor. o Los equipos se integrar\u00e1n de forma equitativa, mediante la inclusi\u00f3n de hombres y mujeres. o Las y los integrantes de los equipos participantes deber\u00e1n privilegiar el siguiente perfil:<\/p>\n\n\n<ul class=\"wp-block-list\">\n<li>Programaci\u00f3n (desarrollo de c\u00f3digo en diferentes lenguajes)<\/li>\n\n\n\n<li>An\u00e1lisis de informaci\u00f3n<\/li>\n\n\n\n<li>Procesos industriales, dise\u00f1o industrial y de circuitos<\/li>\n\n\n\n<li>Desarrollo de sistemas mecatr\u00f3nicos<\/li>\n\n\n\n<li>Electr\u00f3nica y automatizaci\u00f3n<\/li>\n\n\n\n<li>Conocimientos y habilidades ingenieriles<\/li>\n\n\n\n<li>Emprendimiento y desarrollo de modelos de negocios<\/li>\n\n\n\n<li>Expresi\u00f3n oral<\/li>\n\n\n\n<li>Actitud creativa<\/li>\n<\/ul>\n","protected":false},"excerpt":{"rendered":"<p>Periodo Agosto-Diciembre 2024 INNOVATECNM Etapa Regional Binni Lul\u00e1:\u00a0De la categor\u00eda de industrias creativas obtienen su pase a la fase Nacional del InnovaTecNM 2024 a celebrarse en Ciudad Madero Tamaulipas. Autores: [&hellip;]<\/p>\n","protected":false},"author":2,"featured_media":0,"parent":0,"menu_order":0,"comment_status":"closed","ping_status":"closed","template":"","meta":{"footnotes":""},"class_list":["post-327","page","type-page","status-publish","hentry"],"_links":{"self":[{"href":"https:\/\/informatica.voaxaca.tecnm.mx\/index.php\/wp-json\/wp\/v2\/pages\/327","targetHints":{"allow":["GET"]}}],"collection":[{"href":"https:\/\/informatica.voaxaca.tecnm.mx\/index.php\/wp-json\/wp\/v2\/pages"}],"about":[{"href":"https:\/\/informatica.voaxaca.tecnm.mx\/index.php\/wp-json\/wp\/v2\/types\/page"}],"author":[{"embeddable":true,"href":"https:\/\/informatica.voaxaca.tecnm.mx\/index.php\/wp-json\/wp\/v2\/users\/2"}],"replies":[{"embeddable":true,"href":"https:\/\/informatica.voaxaca.tecnm.mx\/index.php\/wp-json\/wp\/v2\/comments?post=327"}],"version-history":[{"count":42,"href":"https:\/\/informatica.voaxaca.tecnm.mx\/index.php\/wp-json\/wp\/v2\/pages\/327\/revisions"}],"predecessor-version":[{"id":1261,"href":"https:\/\/informatica.voaxaca.tecnm.mx\/index.php\/wp-json\/wp\/v2\/pages\/327\/revisions\/1261"}],"wp:attachment":[{"href":"https:\/\/informatica.voaxaca.tecnm.mx\/index.php\/wp-json\/wp\/v2\/media?parent=327"}],"curies":[{"name":"wp","href":"https:\/\/api.w.org\/{rel}","templated":true}]}}