{"id":1440,"date":"2025-04-01T22:44:40","date_gmt":"2025-04-01T22:44:40","guid":{"rendered":"https:\/\/informatica.voaxaca.tecnm.mx\/?page_id=1440"},"modified":"2025-04-07T23:00:11","modified_gmt":"2025-04-07T23:00:11","slug":"residencia-profesional-titulacion","status":"publish","type":"page","link":"https:\/\/informatica.voaxaca.tecnm.mx\/index.php\/residencia-profesional-titulacion\/","title":{"rendered":"Residencia Profesional \/ Titulaci\u00f3n"},"content":{"rendered":"\n<p><br>Si eres estudiante pr\u00f3ximo a realizar  la residencia Profesional, consulta y revisa el siguiente enlace.<\/p>\n\n\n\n<figure class=\"wp-block-embed is-type-wp-embed is-provider-divisi-n-de-estudios-profesionales wp-block-embed-divisi-n-de-estudios-profesionales\"><div class=\"wp-block-embed__wrapper\">\n<blockquote class=\"wp-embedded-content\" data-secret=\"i9sZbaV8gi\"><a href=\"https:\/\/dep.voaxaca.tecnm.mx\/residencia-profesional\/\">Residencia Profesional<\/a><\/blockquote><iframe loading=\"lazy\" class=\"wp-embedded-content\" sandbox=\"allow-scripts\" security=\"restricted\" style=\"position: absolute; visibility: hidden;\" title=\"&#8220;Residencia Profesional&#8221; &#8212; Divisi\u00f3n de Estudios Profesionales\" src=\"https:\/\/dep.voaxaca.tecnm.mx\/residencia-profesional\/embed\/#?secret=u4Wjvu6A7x#?secret=i9sZbaV8gi\" data-secret=\"i9sZbaV8gi\" width=\"600\" height=\"338\" frameborder=\"0\" marginwidth=\"0\" marginheight=\"0\" scrolling=\"no\"><\/iframe>\n<\/div><\/figure>\n\n\n\n<p>Si eres estudiante pr\u00f3ximo a realizar tu proceso de Titulaci\u00f3n Integral, consulta y revisa el siguiente enlace.<\/p>\n\n\n\n<figure class=\"wp-block-embed is-type-wp-embed is-provider-divisi-n-de-estudios-profesionales wp-block-embed-divisi-n-de-estudios-profesionales\"><div class=\"wp-block-embed__wrapper\">\n<blockquote class=\"wp-embedded-content\" data-secret=\"EUsgmdEb4t\"><a href=\"https:\/\/dep.voaxaca.tecnm.mx\/titulacion-integral\/\">Titulaci\u00f3n Integral<\/a><\/blockquote><iframe loading=\"lazy\" class=\"wp-embedded-content\" sandbox=\"allow-scripts\" security=\"restricted\" style=\"position: absolute; visibility: hidden;\" title=\"&#8220;Titulaci\u00f3n Integral&#8221; &#8212; Divisi\u00f3n de Estudios Profesionales\" src=\"https:\/\/dep.voaxaca.tecnm.mx\/titulacion-integral\/embed\/#?secret=BHVqxGHLHa#?secret=EUsgmdEb4t\" data-secret=\"EUsgmdEb4t\" width=\"600\" height=\"338\" frameborder=\"0\" marginwidth=\"0\" marginheight=\"0\" scrolling=\"no\"><\/iframe>\n<\/div><\/figure>\n","protected":false},"excerpt":{"rendered":"<p>Si eres estudiante pr\u00f3ximo a realizar la residencia Profesional, consulta y revisa el siguiente enlace. Si eres estudiante pr\u00f3ximo a realizar tu proceso de Titulaci\u00f3n Integral, consulta y revisa el [&hellip;]<\/p>\n","protected":false},"author":2,"featured_media":0,"parent":0,"menu_order":0,"comment_status":"closed","ping_status":"closed","template":"","meta":{"footnotes":""},"class_list":["post-1440","page","type-page","status-publish","hentry"],"_links":{"self":[{"href":"https:\/\/informatica.voaxaca.tecnm.mx\/index.php\/wp-json\/wp\/v2\/pages\/1440","targetHints":{"allow":["GET"]}}],"collection":[{"href":"https:\/\/informatica.voaxaca.tecnm.mx\/index.php\/wp-json\/wp\/v2\/pages"}],"about":[{"href":"https:\/\/informatica.voaxaca.tecnm.mx\/index.php\/wp-json\/wp\/v2\/types\/page"}],"author":[{"embeddable":true,"href":"https:\/\/informatica.voaxaca.tecnm.mx\/index.php\/wp-json\/wp\/v2\/users\/2"}],"replies":[{"embeddable":true,"href":"https:\/\/informatica.voaxaca.tecnm.mx\/index.php\/wp-json\/wp\/v2\/comments?post=1440"}],"version-history":[{"count":3,"href":"https:\/\/informatica.voaxaca.tecnm.mx\/index.php\/wp-json\/wp\/v2\/pages\/1440\/revisions"}],"predecessor-version":[{"id":1459,"href":"https:\/\/informatica.voaxaca.tecnm.mx\/index.php\/wp-json\/wp\/v2\/pages\/1440\/revisions\/1459"}],"wp:attachment":[{"href":"https:\/\/informatica.voaxaca.tecnm.mx\/index.php\/wp-json\/wp\/v2\/media?parent=1440"}],"curies":[{"name":"wp","href":"https:\/\/api.w.org\/{rel}","templated":true}]}}