{"id":131,"date":"2022-03-28T17:13:42","date_gmt":"2022-03-28T17:13:42","guid":{"rendered":"https:\/\/informatica.voaxaca.tecnm.mx\/?page_id=131"},"modified":"2025-10-24T17:42:30","modified_gmt":"2025-10-24T17:42:30","slug":"informatica","status":"publish","type":"page","link":"https:\/\/informatica.voaxaca.tecnm.mx\/","title":{"rendered":"INGENIER\u00cdA INFORM\u00c1TICA"},"content":{"rendered":"<div class=\"n2-section-smartslider fitvidsignore  n2_clear\" data-ssid=\"2\"><div id=\"n2-ss-2-align\" class=\"n2-ss-align\"><div class=\"n2-padding\"><div id=\"n2-ss-2\" data-creator=\"Smart Slider 3\" data-responsive=\"auto\" class=\"n2-ss-slider n2-ow n2-has-hover n2notransition  \"><div class=\"n2-ss-slider-wrapper-inside\">\n        <div class=\"n2-ss-slider-1 n2_ss__touch_element n2-ow\">\n            <div class=\"n2-ss-slider-2 n2-ow\">\n                                                    <div class=\"n2-ss-background-animation n2-ow\"><\/div>\n                                <div class=\"n2-ss-slider-3 n2-ow\">\n\n                    <div class=\"n2-ss-slide-backgrounds n2-ow-all\"><div class=\"n2-ss-slide-background\" data-public-id=\"1\" data-mode=\"fit\"><div class=\"n2-ss-slide-background-image\" data-blur=\"0\" data-opacity=\"100\" data-x=\"51\" data-y=\"50\" data-alt=\"\" data-title=\"\" style=\"--ss-o-pos-x:51%\"><picture class=\"skip-lazy\" data-skip-lazy=\"1\"><img decoding=\"async\" src=\"\/\/informatica.voaxaca.tecnm.mx\/wp-content\/uploads\/2024\/11\/Banerr.Info_.png\" alt=\"\" title=\"\" loading=\"lazy\" class=\"skip-lazy\" data-skip-lazy=\"1\"><\/picture><\/div><div data-color=\"RGBA(9,44,77,1)\" style=\"background-color: RGBA(9,44,77,1);\" class=\"n2-ss-slide-background-color\"><\/div><\/div><div class=\"n2-ss-slide-background\" data-public-id=\"2\" data-mode=\"fill\"><div class=\"n2-ss-slide-background-image\" data-blur=\"0\" data-opacity=\"40\" data-x=\"58\" data-y=\"60\" data-alt=\"\" data-title=\"\" style=\"opacity:0.4;--ss-o-pos-x:58%;--ss-o-pos-y:60%\"><picture class=\"skip-lazy\" data-skip-lazy=\"1\"><img decoding=\"async\" src=\"\/\/informatica.voaxaca.tecnm.mx\/wp-content\/uploads\/2023\/11\/fondo.jpg\" alt=\"\" title=\"\" loading=\"lazy\" class=\"skip-lazy\" data-skip-lazy=\"1\"><\/picture><\/div><div data-color=\"RGBA(0,0,0,1)\" style=\"background-color: RGBA(0,0,0,1);\" class=\"n2-ss-slide-background-color\"><\/div><\/div><div class=\"n2-ss-slide-background\" data-public-id=\"3\" data-mode=\"fill\"><div class=\"n2-ss-slide-background-image\" data-blur=\"0\" data-opacity=\"40\" data-x=\"58\" data-y=\"60\" data-alt=\"\" data-title=\"\" style=\"opacity:0.4;--ss-o-pos-x:58%;--ss-o-pos-y:60%\"><picture class=\"skip-lazy\" data-skip-lazy=\"1\"><img decoding=\"async\" src=\"\/\/informatica.voaxaca.tecnm.mx\/wp-content\/uploads\/2023\/11\/fondo.jpg\" alt=\"\" title=\"\" loading=\"lazy\" class=\"skip-lazy\" data-skip-lazy=\"1\"><\/picture><\/div><div data-color=\"RGBA(0,0,0,1)\" style=\"background-color: RGBA(0,0,0,1);\" class=\"n2-ss-slide-background-color\"><\/div><\/div><\/div>                    <div class=\"n2-ss-slider-4 n2-ow\">\n                        <svg xmlns=\"http:\/\/www.w3.org\/2000\/svg\" viewBox=\"0 0 800 500\" data-related-device=\"desktopPortrait\" class=\"n2-ow n2-ss-preserve-size n2-ss-preserve-size--slider n2-ss-slide-limiter\"><\/svg><div data-first=\"1\" data-slide-duration=\"0\" data-id=\"7\" data-slide-public-id=\"1\" data-title=\"Banerr.Info\" class=\"n2-ss-slide n2-ow  n2-ss-slide-7\"><div role=\"note\" class=\"n2-ss-slide--focus\" tabindex=\"-1\">Banerr.Info<\/div><div class=\"n2-ss-layers-container n2-ss-slide-limiter n2-ow\"><div class=\"n2-ss-layer n2-ow n-uc-ni6MDa63ON4k\" data-sstype=\"slide\" data-pm=\"default\"><\/div><\/div><\/div><div data-slide-duration=\"0\" data-id=\"3\" data-slide-public-id=\"2\" data-title=\"Slide\" class=\"n2-ss-slide n2-ow  n2-ss-slide-3\"><div role=\"note\" class=\"n2-ss-slide--focus\" tabindex=\"-1\">Slide<\/div><div class=\"n2-ss-layers-container n2-ss-slide-limiter n2-ow\"><div class=\"n2-ss-layer n2-ow n-uc-XGu6j1uzplUd\" data-sstype=\"slide\" data-pm=\"default\"><div class=\"n2-ss-layer n2-ow n-uc-1747edb681b26\" data-pm=\"default\" data-sstype=\"content\" data-hasbackground=\"0\"><div class=\"n2-ss-section-main-content n2-ss-layer-with-background n2-ss-layer-content n2-ow n-uc-1747edb681b26-inner\"><div class=\"n2-ss-layer n2-ow n-uc-T6g3yDl557gS\" data-pm=\"normal\" data-sstype=\"layer\"><div id=\"n2-ss-2item1\" class=\"n2-font-d0dd8546aea8c689dc91d6ac8c07cc14-hover   n2-ss-item-content n2-ss-text n2-ow\" style=\"display:block;\">Ingenier\u00eda Inform\u00e1tica<\/div><\/div><div class=\"n2-ss-layer n2-ow n2-ss-layer--block n2-ss-has-self-align n-uc-134efb0513134\" data-pm=\"normal\" data-sstype=\"row\"><div class=\"n2-ss-layer-row n2-ss-layer-with-background n-uc-134efb0513134-inner\"><div class=\"n2-ss-layer-row-inner \"><div class=\"n2-ss-layer n2-ow n-uc-14112e23be906\" data-pm=\"default\" data-sstype=\"col\"><div class=\"n2-ss-layer-col n2-ss-layer-with-background n2-ss-layer-content n-uc-14112e23be906-inner\"><div class=\"n2-ss-layer n2-ow n-uc-Y4sqa7BEvvwh\" data-pm=\"normal\" data-sstype=\"layer\"><div class=\" n2-ss-item-image-content n2-ss-item-content n2-ow-all\"><img decoding=\"async\" id=\"n2-ss-2item2\" alt=\"\" class=\"skip-lazy\" loading=\"lazy\" width=\"1080\" height=\"1080\" data-skip-lazy=\"1\" src=\"\/\/informatica.voaxaca.tecnm.mx\/wp-content\/uploads\/2023\/11\/Diseno-sin-titulo-1.png\" \/><\/div><\/div><\/div><\/div><div class=\"n2-ss-layer n2-ow n-uc-126bee0e1ab4a\" data-pm=\"default\" data-sstype=\"col\"><div class=\"n2-ss-layer-col n2-ss-layer-with-background n2-ss-layer-content n-uc-126bee0e1ab4a-inner\"><div class=\"n2-ss-layer n2-ow n-uc-cJkaxVhh8zju\" data-pm=\"normal\" data-sstype=\"layer\"><div class=\" n2-ss-item-image-content n2-ss-item-content n2-ow-all\"><img decoding=\"async\" id=\"n2-ss-2item3\" alt=\"\" class=\"skip-lazy\" loading=\"lazy\" width=\"1080\" height=\"1080\" data-skip-lazy=\"1\" src=\"\/\/informatica.voaxaca.tecnm.mx\/wp-content\/uploads\/2023\/11\/Diseno-sin-titulo.png\" \/><\/div><\/div><\/div><\/div><\/div><\/div><\/div><\/div><\/div><\/div><\/div><\/div><div data-slide-duration=\"0\" data-id=\"6\" data-slide-public-id=\"3\" data-title=\"Slide\" class=\"n2-ss-slide n2-ow  n2-ss-slide-6\"><div role=\"note\" class=\"n2-ss-slide--focus\" tabindex=\"-1\">Slide<\/div><div class=\"n2-ss-layers-container n2-ss-slide-limiter n2-ow\"><div class=\"n2-ss-layer n2-ow n-uc-vV7YUKDcXH8U\" data-sstype=\"slide\" data-pm=\"default\"><div class=\"n2-ss-layer n2-ow n-uc-orSzjLS2lyKo\" data-pm=\"default\" data-sstype=\"content\" data-hasbackground=\"0\"><div class=\"n2-ss-section-main-content n2-ss-layer-with-background n2-ss-layer-content n2-ow n-uc-orSzjLS2lyKo-inner\"><div class=\"n2-ss-layer n2-ow n-uc-4J4QgtLj9A7p\" data-pm=\"normal\" data-sstype=\"layer\"><div id=\"n2-ss-2item4\" class=\"n2-font-d0dd8546aea8c689dc91d6ac8c07cc14-hover   n2-ss-item-content n2-ss-text n2-ow\" style=\"display:block;\">Ingenier\u00eda Inform\u00e1tica<\/div><\/div><div class=\"n2-ss-layer n2-ow n2-ss-layer--block n2-ss-has-self-align n-uc-g7RgEwmhs0dO\" data-pm=\"normal\" data-sstype=\"row\"><div class=\"n2-ss-layer-row n2-ss-layer-with-background n-uc-g7RgEwmhs0dO-inner\"><div class=\"n2-ss-layer-row-inner \"><div class=\"n2-ss-layer n2-ow n-uc-Hq2oFf1kjgZ9\" data-pm=\"default\" data-sstype=\"col\"><div class=\"n2-ss-layer-col n2-ss-layer-with-background n2-ss-layer-content n-uc-Hq2oFf1kjgZ9-inner\"><div class=\"n2-ss-layer n2-ow n-uc-scIfcr7bAz9a\" data-pm=\"normal\" data-sstype=\"layer\"><div class=\" n2-ss-item-image-content n2-ss-item-content n2-ow-all\"><img decoding=\"async\" id=\"n2-ss-2item5\" alt=\"\" class=\"skip-lazy\" loading=\"lazy\" width=\"1600\" height=\"720\" data-skip-lazy=\"1\" src=\"\/\/informatica.voaxaca.tecnm.mx\/wp-content\/uploads\/2023\/10\/WhatsApp-Image-2023-10-12-at-2.39.11-PM.jpeg\" \/><\/div><\/div><\/div><\/div><\/div><\/div><\/div><\/div><\/div><\/div><\/div><\/div>                    <\/div>\n\n                                    <\/div>\n            <\/div>\n        <\/div>\n        <div class=\"n2-ss-slider-controls n2-ss-slider-controls-absolute-left-center\"><div style=\"--widget-offset:15px;\" class=\"n2-ss-widget nextend-arrow n2-ow-all nextend-arrow-previous  nextend-arrow-animated-fade\" data-hide-mobileportrait=\"1\" id=\"n2-ss-2-arrow-previous\" role=\"button\" aria-label=\"previous arrow\" tabindex=\"0\"><img loading=\"lazy\" decoding=\"async\" width=\"32\" height=\"32\" class=\"skip-lazy\" data-skip-lazy=\"1\" src=\"data:image\/svg+xml;base64,PHN2ZyB3aWR0aD0iMzIiIGhlaWdodD0iMzIiIHZpZXdCb3g9IjAgMCAzMiAzMiIgeG1sbnM9Imh0dHA6Ly93d3cudzMub3JnLzIwMDAvc3ZnIj4KICAgIDxwYXRoIGQ9Ik0xMS40MzMgMTUuOTkyTDIyLjY5IDUuNzEyYy4zOTMtLjM5LjM5My0xLjAzIDAtMS40Mi0uMzkzLS4zOS0xLjAzLS4zOS0xLjQyMyAwbC0xMS45OCAxMC45NGMtLjIxLjIxLS4zLjQ5LS4yODUuNzYtLjAxNS4yOC4wNzUuNTYuMjg0Ljc3bDExLjk4IDEwLjk0Yy4zOTMuMzkgMS4wMy4zOSAxLjQyNCAwIC4zOTMtLjQuMzkzLTEuMDMgMC0xLjQybC0xMS4yNTctMTAuMjkiCiAgICAgICAgICBmaWxsPSIjZmZmZmZmIiBvcGFjaXR5PSIwLjgiIGZpbGwtcnVsZT0iZXZlbm9kZCIvPgo8L3N2Zz4=\" alt=\"previous arrow\"><\/div><\/div><div class=\"n2-ss-slider-controls n2-ss-slider-controls-absolute-right-center\"><div style=\"--widget-offset:15px;\" class=\"n2-ss-widget nextend-arrow n2-ow-all nextend-arrow-next  nextend-arrow-animated-fade\" data-hide-mobileportrait=\"1\" id=\"n2-ss-2-arrow-next\" role=\"button\" aria-label=\"next arrow\" tabindex=\"0\"><img loading=\"lazy\" decoding=\"async\" width=\"32\" height=\"32\" class=\"skip-lazy\" data-skip-lazy=\"1\" src=\"data:image\/svg+xml;base64,PHN2ZyB3aWR0aD0iMzIiIGhlaWdodD0iMzIiIHZpZXdCb3g9IjAgMCAzMiAzMiIgeG1sbnM9Imh0dHA6Ly93d3cudzMub3JnLzIwMDAvc3ZnIj4KICAgIDxwYXRoIGQ9Ik0xMC43MjIgNC4yOTNjLS4zOTQtLjM5LTEuMDMyLS4zOS0xLjQyNyAwLS4zOTMuMzktLjM5MyAxLjAzIDAgMS40MmwxMS4yODMgMTAuMjgtMTEuMjgzIDEwLjI5Yy0uMzkzLjM5LS4zOTMgMS4wMiAwIDEuNDIuMzk1LjM5IDEuMDMzLjM5IDEuNDI3IDBsMTIuMDA3LTEwLjk0Yy4yMS0uMjEuMy0uNDkuMjg0LS43Ny4wMTQtLjI3LS4wNzYtLjU1LS4yODYtLjc2TDEwLjcyIDQuMjkzeiIKICAgICAgICAgIGZpbGw9IiNmZmZmZmYiIG9wYWNpdHk9IjAuOCIgZmlsbC1ydWxlPSJldmVub2RkIi8+Cjwvc3ZnPg==\" alt=\"next arrow\"><\/div><\/div><\/div><\/div><ss3-loader><\/ss3-loader><\/div><\/div><div class=\"n2_clear\"><\/div><\/div>\n\n\n<p><strong><a href=\"https:\/\/informatica.voaxaca.tecnm.mx\/wp-content\/uploads\/2023\/06\/Perfil_Informatica.pdf\" target=\"_blank\" rel=\"noreferrer noopener\">VER DOCUMENTO<\/a><\/strong> <\/p>\n\n\n\n<p class=\"has-medium-font-size\"><strong>Objetivo general<\/strong><\/p>\n\n\n\n<p style=\"text-align: justify;\">Formar profesionales competentes en el dise\u00f1o, desarrollo, implementaci\u00f3n y administraci\u00f3n de proyectos inform\u00e1ticos con una visi\u00f3n sist\u00e9mica, tecnol\u00f3gica y estrat\u00e9gica; ofreciendo soluciones innovadoras e integrales a las organizaciones de acuerdo con las necesidades actuales; comprometidos con su entorno, desempe\u00f1\u00e1ndose con actitud \u00e9tica, emprendedora y de liderazgo.<\/p>\n\n\n\n<p class=\"has-medium-font-size\"><strong>Visi\u00f3n<\/strong><\/p>\n\n\n\n<p style=\"text-align: justify;\">Ser el mejor programa acad\u00e9mico en Ingenier\u00eda Inform\u00e1tica, con reconocimiento a nivel estatal y nacional, permitiendo que los egresados tengan un alto impacto en el mercado laboral, ofreciendo soluciones innovadoras e integrales de una manera sustentable respecto a las necesidades regionales y globales de investigaci\u00f3n cient\u00edfica y de desarrollo tecnol\u00f3gico.<\/p>\n\n\n\n<p class=\"has-medium-font-size\"><strong>Misi\u00f3n<\/strong><\/p>\n\n\n\n<p style=\"text-align: justify;\">Formar profesionales en el \u00e1rea de Inform\u00e1tica bajo un modelo educativo vanguardista, con los conocimientos, habilidades cient\u00edficas y tecnol\u00f3gicas, con una orientaci\u00f3n humanista, con s\u00f3lidos valores \u00e9ticos y morales; capaces de investigar e innovar para dar soluci\u00f3n con calidad y sustentabilidad a las necesidades del entorno.<\/p>\n\n\n<h5><strong>Perfil de Ingreso<\/strong><\/h5>\n<p>El o la\u00a0 aspirante a ingresar al programa de la Ingenier\u00eda Inform\u00e1tica preferentemente debe poseer las siguientes habilidades y competencias:<\/p>\n<ul style=\"list-style-type: disc;\">\n<li>Capacidad de abstracci\u00f3n, an\u00e1lisis, s\u00edntesis y razonamiento l\u00f3gico matem\u00e1tico<\/li>\n<li>Comprensi\u00f3n lectora, oral y escrita<\/li>\n<li>Aptitud para el aprendizaje aut\u00f3nomo<\/li>\n<li>Manejo de herramientas de ofim\u00e1tica y tics<\/li>\n<\/ul>\n\n\n<p class=\"has-medium-font-size\"><strong>Perfil de Egreso<\/strong><\/p>\n\n\n\n<ol id=\"block-c3cf67d7-f013-409c-8f53-234a2a672383\" class=\"block-editor-rich-text__editable block-editor-block-list__block wp-block is-selected wp-block-list rich-text\" tabindex=\"0\" role=\"document\" contenteditable=\"true\" aria-multiline=\"true\" aria-label=\"Bloque: Lista\" data-block=\"c3cf67d7-f013-409c-8f53-234a2a672383\" data-type=\"core\/list\" data-title=\"Lista\">\n<li style=\"text-align: justify;\">Aplica conocimientos cient\u00edficos y tecnol\u00f3gicos en el \u00e1rea inform\u00e1tica para la soluci\u00f3n de problemas con un enfoque multidisciplinario.<\/li>\n<li style=\"text-align: justify;\">Formula, desarrolla y gestiona el desarrollo de proyectos de software para incrementar la competitividad en las organizaciones, considerando las normas de calidad vigentes.<\/li>\n<li style=\"text-align: justify;\">Aplica herramientas computacionales actuales y emergentes para optimizar los procesos en las organizaciones.<\/li>\n<li style=\"text-align: justify;\">Dise\u00f1a e implementa Bases de Datos para el almacenamiento, recuperaci\u00f3n, distribuci\u00f3n, visualizaci\u00f3n y manejo de la informaci\u00f3n en las organizaciones.<\/li>\n<li style=\"text-align: justify;\">Crea y administra redes de computadoras, considerando el dise\u00f1o, selecci\u00f3n, instalaci\u00f3n y mantenimiento para la operaci\u00f3n eficiente de los recursos inform\u00e1ticos.<\/li>\n<li style=\"text-align: justify;\">Realiza consultor\u00edas relacionadas con la funci\u00f3n inform\u00e1tica para la mejora continua de la organizaci\u00f3n.<\/li>\n<li style=\"text-align: justify;\">Se desempe\u00f1a profesionalmente con \u00e9tica, respetando el marco legal, la pluralidad y la conservaci\u00f3n del medio ambiente.<\/li>\n<li style=\"text-align: justify;\">Participa y dirige grupos de trabajo interdisciplinarios, para el desarrollo de proyectos que requieran soluciones innovadoras basadas en tecnolog\u00edas y sistemas de informaci\u00f3n.<\/li>\n<\/ol>\n\n\n<a href=\"https:\/\/informatica.voaxaca.tecnm.mx\/wp-content\/uploads\/2024\/02\/Presentacion-acreditacion-2024.pdf\" class=\"pdfemb-viewer\" style=\"width: 842px; height: 500px; \" data-width=\"842\" data-height=\"500\"  data-toolbar=\"bottom\" data-toolbar-fixed=\"off\">Presentacion-acreditacion-2024<br\/><\/a>\n<p class=\"wp-block-pdfemb-pdf-embedder-viewer\"><\/p>\n\n\n\n<h2 class=\"wp-block-heading\">TECNM VIRTUAL<\/h2>\n\n\n\n<p>Durante el periodo agosto-diciembre 2025, en el Instituto Tecnol\u00f3gico del Valle de Oaxaca se incorporaron nuevas carreras: Ingenier\u00eda en Gesti\u00f3n Empresarial, Ingenier\u00eda en Sistemas Computacionales y TecNM Virtual, con el prop\u00f3sito de ampliar la oferta acad\u00e9mica y brindar mayores oportunidades de formaci\u00f3n profesional a los estudiantes.  GESTION EMPRESARIA TENEMOS 20 Y EN SISTEMAS COMPUTACIONALES TENEMOS 14 <\/p>\n\n\n\n<p><strong>TE INVITAMOS A DAR CLICK SOBRE LA IMAGEN PARA M\u00c1S INFORMACI\u00d3N. <\/strong><\/p>\n\n\n\n<figure class=\"wp-block-gallery has-nested-images columns-default is-cropped wp-block-gallery-1 is-layout-flex wp-block-gallery-is-layout-flex\">\n<figure class=\"wp-block-image size-large\"><a href=\"https:\/\/gestionempresarial.voaxaca.tecnm.mx\/\"><img loading=\"lazy\" decoding=\"async\" width=\"963\" height=\"999\" data-id=\"1532\" src=\"https:\/\/informatica.voaxaca.tecnm.mx\/wp-content\/uploads\/2025\/09\/WhatsApp-Image-2025-09-23-at-4.28.03-PM-1-1-963x999.jpeg\" alt=\"\" class=\"wp-image-1532\" srcset=\"https:\/\/informatica.voaxaca.tecnm.mx\/wp-content\/uploads\/2025\/09\/WhatsApp-Image-2025-09-23-at-4.28.03-PM-1-1-963x999.jpeg 963w, https:\/\/informatica.voaxaca.tecnm.mx\/wp-content\/uploads\/2025\/09\/WhatsApp-Image-2025-09-23-at-4.28.03-PM-1-1-192x199.jpeg 192w, https:\/\/informatica.voaxaca.tecnm.mx\/wp-content\/uploads\/2025\/09\/WhatsApp-Image-2025-09-23-at-4.28.03-PM-1-1-768x796.jpeg 768w, https:\/\/informatica.voaxaca.tecnm.mx\/wp-content\/uploads\/2025\/09\/WhatsApp-Image-2025-09-23-at-4.28.03-PM-1-1-1481x1536.jpeg 1481w, https:\/\/informatica.voaxaca.tecnm.mx\/wp-content\/uploads\/2025\/09\/WhatsApp-Image-2025-09-23-at-4.28.03-PM-1-1.jpeg 1543w\" sizes=\"auto, (max-width: 963px) 100vw, 963px\" \/><\/a><\/figure>\n\n\n\n<figure class=\"wp-block-image size-large\"><a href=\"https:\/\/isc.voaxaca.tecnm.mx\/\"><img loading=\"lazy\" decoding=\"async\" width=\"964\" height=\"999\" data-id=\"1531\" src=\"https:\/\/informatica.voaxaca.tecnm.mx\/wp-content\/uploads\/2025\/09\/WhatsApp-Image-2025-09-23-at-4.28.04-PM-1-964x999.jpeg\" alt=\"\" class=\"wp-image-1531\" srcset=\"https:\/\/informatica.voaxaca.tecnm.mx\/wp-content\/uploads\/2025\/09\/WhatsApp-Image-2025-09-23-at-4.28.04-PM-1-964x999.jpeg 964w, https:\/\/informatica.voaxaca.tecnm.mx\/wp-content\/uploads\/2025\/09\/WhatsApp-Image-2025-09-23-at-4.28.04-PM-1-192x199.jpeg 192w, https:\/\/informatica.voaxaca.tecnm.mx\/wp-content\/uploads\/2025\/09\/WhatsApp-Image-2025-09-23-at-4.28.04-PM-1-768x796.jpeg 768w, https:\/\/informatica.voaxaca.tecnm.mx\/wp-content\/uploads\/2025\/09\/WhatsApp-Image-2025-09-23-at-4.28.04-PM-1-1482x1536.jpeg 1482w, https:\/\/informatica.voaxaca.tecnm.mx\/wp-content\/uploads\/2025\/09\/WhatsApp-Image-2025-09-23-at-4.28.04-PM-1.jpeg 1544w\" sizes=\"auto, (max-width: 964px) 100vw, 964px\" \/><\/a><\/figure>\n<\/figure>\n","protected":false},"excerpt":{"rendered":"<p>VER DOCUMENTO Objetivo general Formar profesionales competentes en el dise\u00f1o, desarrollo, implementaci\u00f3n y administraci\u00f3n de proyectos inform\u00e1ticos con una visi\u00f3n sist\u00e9mica, tecnol\u00f3gica y estrat\u00e9gica; ofreciendo soluciones innovadoras e integrales a [&hellip;]<\/p>\n","protected":false},"author":1,"featured_media":0,"parent":0,"menu_order":0,"comment_status":"closed","ping_status":"closed","template":"template-fullwidth.php","meta":{"footnotes":""},"class_list":["post-131","page","type-page","status-publish","hentry"],"_links":{"self":[{"href":"https:\/\/informatica.voaxaca.tecnm.mx\/index.php\/wp-json\/wp\/v2\/pages\/131","targetHints":{"allow":["GET"]}}],"collection":[{"href":"https:\/\/informatica.voaxaca.tecnm.mx\/index.php\/wp-json\/wp\/v2\/pages"}],"about":[{"href":"https:\/\/informatica.voaxaca.tecnm.mx\/index.php\/wp-json\/wp\/v2\/types\/page"}],"author":[{"embeddable":true,"href":"https:\/\/informatica.voaxaca.tecnm.mx\/index.php\/wp-json\/wp\/v2\/users\/1"}],"replies":[{"embeddable":true,"href":"https:\/\/informatica.voaxaca.tecnm.mx\/index.php\/wp-json\/wp\/v2\/comments?post=131"}],"version-history":[{"count":24,"href":"https:\/\/informatica.voaxaca.tecnm.mx\/index.php\/wp-json\/wp\/v2\/pages\/131\/revisions"}],"predecessor-version":[{"id":1571,"href":"https:\/\/informatica.voaxaca.tecnm.mx\/index.php\/wp-json\/wp\/v2\/pages\/131\/revisions\/1571"}],"wp:attachment":[{"href":"https:\/\/informatica.voaxaca.tecnm.mx\/index.php\/wp-json\/wp\/v2\/media?parent=131"}],"curies":[{"name":"wp","href":"https:\/\/api.w.org\/{rel}","templated":true}]}}